{"id":9582,"date":"2024-11-16T10:03:56","date_gmt":"2024-11-16T15:03:56","guid":{"rendered":"https:\/\/adrenalinearcade.com\/?page_id=9582"},"modified":"2025-02-19T14:22:08","modified_gmt":"2025-02-19T19:22:08","slug":"duck-derby","status":"publish","type":"page","link":"https:\/\/adrenalinearcade.com\/fr\/duck-derby\/","title":{"rendered":"DUCK DERBY"},"content":{"rendered":"<div data-elementor-type=\"wp-page\" data-elementor-id=\"9582\" class=\"elementor elementor-9582\" data-elementor-post-type=\"page\">\n\t\t\t\t\t\t<section class=\"elementor-section elementor-top-section elementor-element elementor-element-121a01c elementor-section-full_width elementor-section-height-default elementor-section-height-default\" data-id=\"121a01c\" data-element_type=\"section\" data-e-type=\"section\" data-settings=\"{&quot;background_background&quot;:&quot;classic&quot;}\">\n\t\t\t\t\t\t<div class=\"elementor-container elementor-column-gap-no\">\n\t\t\t\t\t<div class=\"elementor-column elementor-col-50 elementor-top-column elementor-element elementor-element-2a1b8b0\" data-id=\"2a1b8b0\" data-element_type=\"column\" data-e-type=\"column\">\n\t\t\t<div class=\"elementor-widget-wrap elementor-element-populated\">\n\t\t\t\t\t\t<div class=\"elementor-element elementor-element-c4bdf96 elementor-widget__width-initial elementor-widget elementor-widget-video\" data-id=\"c4bdf96\" data-element_type=\"widget\" data-e-type=\"widget\" data-settings=\"{&quot;video_type&quot;:&quot;hosted&quot;,&quot;autoplay&quot;:&quot;yes&quot;,&quot;play_on_mobile&quot;:&quot;yes&quot;,&quot;mute&quot;:&quot;yes&quot;,&quot;loop&quot;:&quot;yes&quot;}\" data-widget_type=\"video.default\">\n\t\t\t\t<div class=\"elementor-widget-container\">\n\t\t\t\t\t\t\t<div class=\"e-hosted-video elementor-wrapper elementor-open-inline\">\n\t\t\t\t\t<video class=\"elementor-video\" src=\"https:\/\/adrenalinearcade.com\/wp-content\/uploads\/2025\/02\/Dd-Fixed-Feb-19_A.mp4\" autoplay=\"\" loop=\"\" muted=\"muted\" playsinline=\"\" controlslist=\"nodownload\"><\/video>\n\t\t\t\t<\/div>\n\t\t\t\t\t\t<\/div>\n\t\t\t\t<\/div>\n\t\t\t\t<div class=\"elementor-element elementor-element-d8cf6ee elementor-align-center elementor-widget elementor-widget-button\" data-id=\"d8cf6ee\" data-element_type=\"widget\" data-e-type=\"widget\" data-widget_type=\"button.default\">\n\t\t\t\t<div class=\"elementor-widget-container\">\n\t\t\t\t\t<style>.elementor-element-d8cf6ee{display:none !important}<\/style>\t\t\t\t<\/div>\n\t\t\t\t<\/div>\n\t\t\t\t\t<\/div>\n\t\t<\/div>\n\t\t\t\t<div class=\"elementor-column elementor-col-50 elementor-top-column elementor-element elementor-element-eaae72f\" data-id=\"eaae72f\" data-element_type=\"column\" data-e-type=\"column\" data-settings=\"{&quot;background_background&quot;:&quot;slideshow&quot;,&quot;background_slideshow_gallery&quot;:[],&quot;background_slideshow_loop&quot;:&quot;yes&quot;,&quot;background_slideshow_slide_duration&quot;:5000,&quot;background_slideshow_slide_transition&quot;:&quot;fade&quot;,&quot;background_slideshow_transition_duration&quot;:500}\">\n\t\t\t<div class=\"elementor-widget-wrap elementor-element-populated\">\n\t\t\t\t\t\t<div class=\"elementor-element elementor-element-daec515 elementor-widget__width-initial elementor-widget elementor-widget-image\" data-id=\"daec515\" data-element_type=\"widget\" data-e-type=\"widget\" data-widget_type=\"image.default\">\n\t\t\t\t<div class=\"elementor-widget-container\">\n\t\t\t\t\t\t\t\t\t\t\t\t\t\t\t<img fetchpriority=\"high\" decoding=\"async\" width=\"1920\" height=\"1313\" src=\"https:\/\/adrenalinearcade.com\/wp-content\/uploads\/2024\/11\/Duck_logo.webp\" class=\"attachment-full size-full wp-image-9591\" alt=\"\" srcset=\"https:\/\/adrenalinearcade.com\/wp-content\/uploads\/2024\/11\/Duck_logo.webp 1920w, https:\/\/adrenalinearcade.com\/wp-content\/uploads\/2024\/11\/Duck_logo-300x205.webp 300w, https:\/\/adrenalinearcade.com\/wp-content\/uploads\/2024\/11\/Duck_logo-1024x701.webp 1024w, https:\/\/adrenalinearcade.com\/wp-content\/uploads\/2024\/11\/Duck_logo-768x525.webp 768w, https:\/\/adrenalinearcade.com\/wp-content\/uploads\/2024\/11\/Duck_logo-1536x1051.webp 1536w, https:\/\/adrenalinearcade.com\/wp-content\/uploads\/2024\/11\/Duck_logo-18x12.webp 18w\" sizes=\"(max-width: 1920px) 100vw, 1920px\" \/>\t\t\t\t\t\t\t\t\t\t\t\t\t\t\t<\/div>\n\t\t\t\t<\/div>\n\t\t\t\t<div class=\"elementor-element elementor-element-237257a elementor-widget-mobile__width-initial elementor-widget elementor-widget-heading\" data-id=\"237257a\" data-element_type=\"widget\" data-e-type=\"widget\" data-widget_type=\"heading.default\">\n\t\t\t\t<div class=\"elementor-widget-container\">\n\t\t\t\t\t<h2 class=\"elementor-heading-title elementor-size-large\">Pompez! Menez votre canard \u00e0 la victoire.<\/h2>\t\t\t\t<\/div>\n\t\t\t\t<\/div>\n\t\t\t\t<div class=\"elementor-element elementor-element-5babce5 elementor-widget-mobile__width-initial elementor-widget elementor-widget-text-editor\" data-id=\"5babce5\" data-element_type=\"widget\" data-e-type=\"widget\" data-widget_type=\"text-editor.default\">\n\t\t\t\t<div class=\"elementor-widget-container\">\n\t\t\t\t\t\t\t\t\t<ul><li>Menez votre canard vers la victoire gr\u00e2ce une m\u00e9canique excitante<\/li><li>Comp\u00e9titionnez en d\u00e9fiant vos amis<\/li><li>M\u00e9canique de jeu passionnante,  de 1 \u00e0 8 joueurs \u00e0 la fois<\/li><li>Panneau sup\u00e9rieur \u00e9clair\u00e9 pour une atmosph\u00e8re de carnaval \u00e9blouissante<\/li><\/ul>\t\t\t\t\t\t\t\t<\/div>\n\t\t\t\t<\/div>\n\t\t\t\t<div class=\"elementor-element elementor-element-27cd24b elementor-align-left elementor-mobile-align-left elementor-widget elementor-widget-button\" data-id=\"27cd24b\" data-element_type=\"widget\" data-e-type=\"widget\" data-widget_type=\"button.default\">\n\t\t\t\t<div class=\"elementor-widget-container\">\n\t\t\t\t\t\t\t\t\t<div class=\"elementor-button-wrapper\">\n\t\t\t\t\t<a class=\"elementor-button elementor-button-link elementor-size-sm elementor-animation-grow\" href=\"https:\/\/adrenalinearcade.com\/wp-content\/uploads\/2024\/12\/DD_Flyer_v3-scaled.webp\">\n\t\t\t\t\t\t<span class=\"elementor-button-content-wrapper\">\n\t\t\t\t\t\t<span class=\"elementor-button-icon\">\n\t\t\t\t<i aria-hidden=\"true\" class=\"fas fa-file\"><\/i>\t\t\t<\/span>\n\t\t\t\t\t\t\t\t\t<span class=\"elementor-button-text\">#SKU:  DD-55-2001 SPECS<\/span>\n\t\t\t\t\t<\/span>\n\t\t\t\t\t<\/a>\n\t\t\t\t<\/div>\n\t\t\t\t\t\t\t\t<\/div>\n\t\t\t\t<\/div>\n\t\t\t\t<div class=\"elementor-element elementor-element-158bb58 elementor-widget-mobile__width-initial elementor-widget__width-initial elementor-widget elementor-widget-text-editor\" data-id=\"158bb58\" data-element_type=\"widget\" data-e-type=\"widget\" data-widget_type=\"text-editor.default\">\n\t\t\t\t<div class=\"elementor-widget-container\">\n\t\t\t\t\t\t\t\t\t<ul><li>Dim. du cabinet: 49.4\u2033L x 115.5\u2033P x 102.8\u2033H<\/li><li>Dim. d'exp\u00e9dition: 50\u2019\u2019L X 40\u2019\u2019P X 84\u2019\u2019H \u2013 400 lbs<\/li><li>Dim. d'exp\u00e9dition: 90\u2033L x 44\u2033P x 70H \u2013 800 lbs<\/li><\/ul>\t\t\t\t\t\t\t\t<\/div>\n\t\t\t\t<\/div>\n\t\t\t\t\t<\/div>\n\t\t<\/div>\n\t\t\t\t\t<\/div>\n\t\t<\/section>\n\t\t\t\t<section class=\"elementor-section elementor-top-section elementor-element elementor-element-aee47b7 elementor-section-boxed elementor-section-height-default elementor-section-height-default\" data-id=\"aee47b7\" data-element_type=\"section\" data-e-type=\"section\">\n\t\t\t\t\t\t<div class=\"elementor-container elementor-column-gap-default\">\n\t\t\t\t\t<div class=\"elementor-column elementor-col-100 elementor-top-column elementor-element elementor-element-4baf9fc\" data-id=\"4baf9fc\" data-element_type=\"column\" data-e-type=\"column\">\n\t\t\t<div class=\"elementor-widget-wrap\">\n\t\t\t\t\t\t\t<\/div>\n\t\t<\/div>\n\t\t\t\t\t<\/div>\n\t\t<\/section>\n\t\t\t\t<\/div>","protected":false},"excerpt":{"rendered":"<p>https:\/\/adrenalinearcade.com\/wp-content\/uploads\/2025\/02\/Dd-Fixed-Feb-19_A.mp4 Gameplay Pump and race your duck to victory! Race your duck to victory with an exhilarating pumping mechanic Compete against friends for ultimate bragging rights Enjoy thrilling gameplay with up to 8 players at once Fully illuminated top panel for a dazzling carnival atmosphere #SKU: DD-55-2001 SPECS Product Dims: 49.4&#8243;D x 115.5&#8243;W x 102.8&#8243;H [&hellip;]<\/p>\n","protected":false},"author":2,"featured_media":0,"parent":0,"menu_order":0,"comment_status":"closed","ping_status":"closed","template":"elementor_header_footer","meta":{"footnotes":""},"class_list":["post-9582","page","type-page","status-publish","hentry"],"_links":{"self":[{"href":"https:\/\/adrenalinearcade.com\/fr\/wp-json\/wp\/v2\/pages\/9582","targetHints":{"allow":["GET"]}}],"collection":[{"href":"https:\/\/adrenalinearcade.com\/fr\/wp-json\/wp\/v2\/pages"}],"about":[{"href":"https:\/\/adrenalinearcade.com\/fr\/wp-json\/wp\/v2\/types\/page"}],"author":[{"embeddable":true,"href":"https:\/\/adrenalinearcade.com\/fr\/wp-json\/wp\/v2\/users\/2"}],"replies":[{"embeddable":true,"href":"https:\/\/adrenalinearcade.com\/fr\/wp-json\/wp\/v2\/comments?post=9582"}],"version-history":[{"count":128,"href":"https:\/\/adrenalinearcade.com\/fr\/wp-json\/wp\/v2\/pages\/9582\/revisions"}],"predecessor-version":[{"id":10067,"href":"https:\/\/adrenalinearcade.com\/fr\/wp-json\/wp\/v2\/pages\/9582\/revisions\/10067"}],"wp:attachment":[{"href":"https:\/\/adrenalinearcade.com\/fr\/wp-json\/wp\/v2\/media?parent=9582"}],"curies":[{"name":"wp","href":"https:\/\/api.w.org\/{rel}","templated":true}]}}