{"id":6063,"date":"2023-09-11T21:45:37","date_gmt":"2023-09-11T21:45:37","guid":{"rendered":"https:\/\/adrenalinearcade.com\/?page_id=6063"},"modified":"2023-09-11T23:29:08","modified_gmt":"2023-09-11T23:29:08","slug":"test","status":"publish","type":"page","link":"https:\/\/adrenalinearcade.com\/fr\/test\/","title":{"rendered":"TEST"},"content":{"rendered":"<div data-elementor-type=\"wp-page\" data-elementor-id=\"6063\" class=\"elementor elementor-6063\" data-elementor-post-type=\"page\">\n\t\t\t\t\t\t<section class=\"elementor-section elementor-top-section elementor-element elementor-element-05dfd7f elementor-section-full_width elementor-section-height-default elementor-section-height-default\" data-id=\"05dfd7f\" data-element_type=\"section\" data-e-type=\"section\">\n\t\t\t\t\t\t<div class=\"elementor-container elementor-column-gap-no\">\n\t\t\t\t\t<div class=\"elementor-column elementor-col-50 elementor-top-column elementor-element elementor-element-879a3e1\" data-id=\"879a3e1\" data-element_type=\"column\" data-e-type=\"column\" data-settings=\"{&quot;background_background&quot;:&quot;classic&quot;}\">\n\t\t\t<div class=\"elementor-widget-wrap elementor-element-populated\">\n\t\t\t\t\t\t<div class=\"elementor-element elementor-element-2cbc15b elementor-widget__width-inherit elementor-widget elementor-widget-image\" data-id=\"2cbc15b\" data-element_type=\"widget\" data-e-type=\"widget\" data-widget_type=\"image.default\">\n\t\t\t\t<div class=\"elementor-widget-container\">\n\t\t\t\t\t\t\t\t\t\t\t\t\t\t\t<img fetchpriority=\"high\" decoding=\"async\" width=\"2560\" height=\"1975\" src=\"https:\/\/adrenalinearcade.com\/wp-content\/uploads\/2023\/09\/NFS_MOTION_DELUXE-scaled.jpg\" class=\"attachment-full size-full wp-image-5102\" alt=\"\" srcset=\"https:\/\/adrenalinearcade.com\/wp-content\/uploads\/2023\/09\/NFS_MOTION_DELUXE-scaled.jpg 2560w, https:\/\/adrenalinearcade.com\/wp-content\/uploads\/2023\/09\/NFS_MOTION_DELUXE-300x231.jpg 300w, https:\/\/adrenalinearcade.com\/wp-content\/uploads\/2023\/09\/NFS_MOTION_DELUXE-1024x790.jpg 1024w, https:\/\/adrenalinearcade.com\/wp-content\/uploads\/2023\/09\/NFS_MOTION_DELUXE-768x593.jpg 768w, https:\/\/adrenalinearcade.com\/wp-content\/uploads\/2023\/09\/NFS_MOTION_DELUXE-1536x1185.jpg 1536w, https:\/\/adrenalinearcade.com\/wp-content\/uploads\/2023\/09\/NFS_MOTION_DELUXE-2048x1580.jpg 2048w, https:\/\/adrenalinearcade.com\/wp-content\/uploads\/2023\/09\/NFS_MOTION_DELUXE-16x12.jpg 16w\" sizes=\"(max-width: 2560px) 100vw, 2560px\" \/>\t\t\t\t\t\t\t\t\t\t\t\t\t\t\t<\/div>\n\t\t\t\t<\/div>\n\t\t\t\t\t<\/div>\n\t\t<\/div>\n\t\t\t\t<div class=\"elementor-column elementor-col-50 elementor-top-column elementor-element elementor-element-67b778b\" data-id=\"67b778b\" data-element_type=\"column\" data-e-type=\"column\" data-settings=\"{&quot;background_background&quot;:&quot;classic&quot;}\">\n\t\t\t<div class=\"elementor-widget-wrap elementor-element-populated\">\n\t\t\t\t\t\t<div class=\"elementor-element elementor-element-71db532 elementor-widget elementor-widget-heading\" data-id=\"71db532\" data-element_type=\"widget\" data-e-type=\"widget\" data-widget_type=\"heading.default\">\n\t\t\t\t<div class=\"elementor-widget-container\">\n\t\t\t\t\t<h2 class=\"elementor-heading-title elementor-size-default\">Une exp\u00e9rience r\u00e9aliste et immersive propuls\u00e9e par un syst\u00e8me de mouvement de si\u00e8ge brevet\u00e9, \u00e0 la fine pointe de la technologie.<\/h2>\t\t\t\t<\/div>\n\t\t\t\t<\/div>\n\t\t\t\t<div class=\"elementor-element elementor-element-ef64d62 elementor-widget__width-initial elementor-widget elementor-widget-text-editor\" data-id=\"ef64d62\" data-element_type=\"widget\" data-e-type=\"widget\" data-widget_type=\"text-editor.default\">\n\t\t\t\t<div class=\"elementor-widget-container\">\n\t\t\t\t\t\t\t\t\t<ul><li>Marque de renomm\u00e9e mondiale<\/li><li>Jusqu'\u00e0 16 degr\u00e9s de mouvement<\/li><li>Mouvement rapide et r\u00e9aliste<\/li><li>Immersive 7.1 audio with Interactive seat vibration<\/li><li>Facile d'entretien<\/li><li>Massive 75\u2033 LCD screen<\/li><li>Ent\u00eate de led matricielle \u00e9clatante<\/li><li>Une incroyable s\u00e9lection de 5 super v\u00e9hicules: PORSCHE 911, CORVETTE GS, FORD GT, LAMBORGHINI AVENTATOR S, NISSAN GT-R.<\/li><li>Tournois sur 5 parcours excitants<\/li><li>M\u00e9canique de jeu comp\u00e9titive, mises en \u00e9chec \u00e9piques!<\/li><li>Capacit\u00e9 de lier 4 cabinets<\/li><\/ul>\t\t\t\t\t\t\t\t<\/div>\n\t\t\t\t<\/div>\n\t\t\t\t<div class=\"elementor-element elementor-element-76947ef elementor-widget elementor-widget-heading\" data-id=\"76947ef\" data-element_type=\"widget\" data-e-type=\"widget\" data-widget_type=\"heading.default\">\n\t\t\t\t<div class=\"elementor-widget-container\">\n\t\t\t\t\t<h2 class=\"elementor-heading-title elementor-size-default\">#SKU: xx-xx-0000 SPECS<\/h2>\t\t\t\t<\/div>\n\t\t\t\t<\/div>\n\t\t\t\t<div class=\"elementor-element elementor-element-86d84e6 elementor-widget__width-initial elementor-widget elementor-widget-text-editor\" data-id=\"86d84e6\" data-element_type=\"widget\" data-e-type=\"widget\" data-widget_type=\"text-editor.default\">\n\t\t\t\t<div class=\"elementor-widget-container\">\n\t\t\t\t\t\t\t\t\t<ul><li style=\"font-size: 18px;\"><span style=\"font-family: var( --e-global-typography-text-font-family ), Sans-serif; word-spacing: var( --e-global-typography-text-word-spacing ); background-color: transparent;\">Dim. du produit\u00a0<\/span>\u00a065\u2033W x 101\u2033D x 105\u2033H<\/li><li style=\"font-size: 18px;\">Shipping Dims: 75\u2033W x 45\u2033D x 60\u2033H \u2013 Weight 600 lbs<\/li><li style=\"font-size: 18px;\">Shipping Dims:\u00a035\u2033W x 42\u2033D x 84\u2033H \u2013 Weight 200 lbs<\/li><\/ul>\t\t\t\t\t\t\t\t<\/div>\n\t\t\t\t<\/div>\n\t\t\t\t\t<\/div>\n\t\t<\/div>\n\t\t\t\t\t<\/div>\n\t\t<\/section>\n\t\t\t\t<\/div>","protected":false},"excerpt":{"rendered":"<p>Immersive and realistic racing experience powered by a state of the art patented motion system. Internationally recognized brand Up to 16 degrees of movement Fast and realistic motion Immersive 7.1 audio with Interactive seat vibration Easy maintenance Massive 75\u2033 LCD screen Dazzling interactive led matrix header Stunning selection of 5 licensed supercars: PORSCHE 911, CORVETTE [&hellip;]<\/p>\n","protected":false},"author":1,"featured_media":0,"parent":0,"menu_order":0,"comment_status":"closed","ping_status":"closed","template":"","meta":{"footnotes":""},"class_list":["post-6063","page","type-page","status-publish","hentry"],"_links":{"self":[{"href":"https:\/\/adrenalinearcade.com\/fr\/wp-json\/wp\/v2\/pages\/6063","targetHints":{"allow":["GET"]}}],"collection":[{"href":"https:\/\/adrenalinearcade.com\/fr\/wp-json\/wp\/v2\/pages"}],"about":[{"href":"https:\/\/adrenalinearcade.com\/fr\/wp-json\/wp\/v2\/types\/page"}],"author":[{"embeddable":true,"href":"https:\/\/adrenalinearcade.com\/fr\/wp-json\/wp\/v2\/users\/1"}],"replies":[{"embeddable":true,"href":"https:\/\/adrenalinearcade.com\/fr\/wp-json\/wp\/v2\/comments?post=6063"}],"version-history":[{"count":31,"href":"https:\/\/adrenalinearcade.com\/fr\/wp-json\/wp\/v2\/pages\/6063\/revisions"}],"predecessor-version":[{"id":6098,"href":"https:\/\/adrenalinearcade.com\/fr\/wp-json\/wp\/v2\/pages\/6063\/revisions\/6098"}],"wp:attachment":[{"href":"https:\/\/adrenalinearcade.com\/fr\/wp-json\/wp\/v2\/media?parent=6063"}],"curies":[{"name":"wp","href":"https:\/\/api.w.org\/{rel}","templated":true}]}}