{"id":5093,"date":"2023-09-08T19:10:25","date_gmt":"2023-09-08T19:10:25","guid":{"rendered":"https:\/\/adrenalinearcade.com\/?page_id=5093"},"modified":"2024-11-16T11:16:02","modified_gmt":"2024-11-16T16:16:02","slug":"nfs-takedown-deluxe-v2","status":"publish","type":"page","link":"https:\/\/adrenalinearcade.com\/fr\/nfs-takedown-deluxe-v2\/","title":{"rendered":"NFS TAKEDOWN MOTION DELUXE"},"content":{"rendered":"<div data-elementor-type=\"wp-page\" data-elementor-id=\"5093\" class=\"elementor elementor-5093\" data-elementor-post-type=\"page\">\n\t\t\t\t\t\t<section class=\"elementor-section elementor-top-section elementor-element elementor-element-15b76e6 elementor-section-full_width elementor-section-height-default elementor-section-height-default\" data-id=\"15b76e6\" data-element_type=\"section\" data-e-type=\"section\" data-settings=\"{&quot;background_background&quot;:&quot;classic&quot;}\">\n\t\t\t\t\t\t<div class=\"elementor-container elementor-column-gap-no\">\n\t\t\t\t\t<div class=\"elementor-column elementor-col-50 elementor-top-column elementor-element elementor-element-4021d44\" data-id=\"4021d44\" data-element_type=\"column\" data-e-type=\"column\" data-settings=\"{&quot;background_background&quot;:&quot;classic&quot;}\">\n\t\t\t<div class=\"elementor-widget-wrap elementor-element-populated\">\n\t\t\t\t\t\t<div class=\"elementor-element elementor-element-9eece2b elementor-widget elementor-widget-video\" data-id=\"9eece2b\" data-element_type=\"widget\" data-e-type=\"widget\" data-settings=\"{&quot;video_type&quot;:&quot;hosted&quot;,&quot;autoplay&quot;:&quot;yes&quot;,&quot;play_on_mobile&quot;:&quot;yes&quot;,&quot;mute&quot;:&quot;yes&quot;,&quot;loop&quot;:&quot;yes&quot;,&quot;start&quot;:-4}\" data-widget_type=\"video.default\">\n\t\t\t\t<div class=\"elementor-widget-container\">\n\t\t\t\t\t\t\t<div class=\"e-hosted-video elementor-wrapper elementor-open-inline\">\n\t\t\t\t\t<video class=\"elementor-video\" src=\"https:\/\/adrenalinearcade.com\/wp-content\/uploads\/2023\/11\/machineNFS_Motion.mp4#t=-4\" autoplay=\"\" loop=\"\" muted=\"muted\" playsinline=\"\" controlslist=\"nodownload\"><\/video>\n\t\t\t\t<\/div>\n\t\t\t\t\t\t<\/div>\n\t\t\t\t<\/div>\n\t\t\t\t<div class=\"elementor-element elementor-element-b72820c elementor-align-center elementor-widget elementor-widget-button\" data-id=\"b72820c\" data-element_type=\"widget\" data-e-type=\"widget\" data-widget_type=\"button.default\">\n\t\t\t\t<div class=\"elementor-widget-container\">\n\t\t\t\t\t\t\t\t\t<div class=\"elementor-button-wrapper\">\n\t\t\t\t\t<a class=\"elementor-button elementor-button-link elementor-size-xs\" href=\"#elementor-action%3Aaction%3Dlightbox%26settings%3DeyJ0eXBlIjoidmlkZW8iLCJ2aWRlb1R5cGUiOiJob3N0ZWQiLCJ1cmwiOiJodHRwczpcL1wvYWRyZW5hbGluZWFyY2FkZS5jb21cL3dwLWNvbnRlbnRcL3VwbG9hZHNcLzIwMjRcLzA2XC9ORlMtSGVhdC1UYWtlZG93bi5tcDQifQ%3D%3D\">\n\t\t\t\t\t\t<span class=\"elementor-button-content-wrapper\">\n\t\t\t\t\t\t<span class=\"elementor-button-icon\">\n\t\t\t\t<i aria-hidden=\"true\" class=\"fas fa-film\"><\/i>\t\t\t<\/span>\n\t\t\t\t\t\t\t\t\t<span class=\"elementor-button-text\">Extrait<\/span>\n\t\t\t\t\t<\/span>\n\t\t\t\t\t<\/a>\n\t\t\t\t<\/div>\n\t\t\t\t\t\t\t\t<\/div>\n\t\t\t\t<\/div>\n\t\t\t\t\t<\/div>\n\t\t<\/div>\n\t\t\t\t<article class=\"elementor-column elementor-col-50 elementor-top-column elementor-element elementor-element-b5ee021\" data-id=\"b5ee021\" data-element_type=\"column\" data-e-type=\"column\">\n\t\t\t<div class=\"elementor-widget-wrap elementor-element-populated\">\n\t\t\t\t\t\t<div class=\"elementor-element elementor-element-f3bed0d elementor-widget__width-initial elementor-widget elementor-widget-image\" data-id=\"f3bed0d\" data-element_type=\"widget\" data-e-type=\"widget\" data-widget_type=\"image.default\">\n\t\t\t\t<div class=\"elementor-widget-container\">\n\t\t\t\t\t\t\t\t\t\t\t\t\t\t\t<img fetchpriority=\"high\" decoding=\"async\" width=\"800\" height=\"177\" src=\"https:\/\/adrenalinearcade.com\/wp-content\/uploads\/2023\/10\/NFS_Deluxe_Flyer-1024x226.png\" class=\"attachment-large size-large wp-image-8026\" alt=\"\" srcset=\"https:\/\/adrenalinearcade.com\/wp-content\/uploads\/2023\/10\/NFS_Deluxe_Flyer-1024x226.png 1024w, https:\/\/adrenalinearcade.com\/wp-content\/uploads\/2023\/10\/NFS_Deluxe_Flyer-300x66.png 300w, https:\/\/adrenalinearcade.com\/wp-content\/uploads\/2023\/10\/NFS_Deluxe_Flyer-768x169.png 768w, https:\/\/adrenalinearcade.com\/wp-content\/uploads\/2023\/10\/NFS_Deluxe_Flyer-1536x339.png 1536w, https:\/\/adrenalinearcade.com\/wp-content\/uploads\/2023\/10\/NFS_Deluxe_Flyer-2048x451.png 2048w, https:\/\/adrenalinearcade.com\/wp-content\/uploads\/2023\/10\/NFS_Deluxe_Flyer-18x4.png 18w\" sizes=\"(max-width: 800px) 100vw, 800px\" \/>\t\t\t\t\t\t\t\t\t\t\t\t\t\t\t<\/div>\n\t\t\t\t<\/div>\n\t\t\t\t<div class=\"elementor-element elementor-element-6f0fc4e elementor-widget__width-initial elementor-widget-mobile__width-initial elementor-widget elementor-widget-heading\" data-id=\"6f0fc4e\" data-element_type=\"widget\" data-e-type=\"widget\" data-widget_type=\"heading.default\">\n\t\t\t\t<div class=\"elementor-widget-container\">\n\t\t\t\t\t<h4 class=\"elementor-heading-title elementor-size-default\">Une exp\u00e9rience r\u00e9aliste et immersive propuls\u00e9e par un syst\u00e8me de mouvement de si\u00e8ge brevet\u00e9, \u00e0 la fine pointe de la technologie. <\/h4>\t\t\t\t<\/div>\n\t\t\t\t<\/div>\n\t\t\t\t<div class=\"elementor-element elementor-element-5babce5 elementor-widget__width-initial elementor-widget-mobile__width-initial elementor-widget elementor-widget-text-editor\" data-id=\"5babce5\" data-element_type=\"widget\" data-e-type=\"widget\" data-widget_type=\"text-editor.default\">\n\t\t\t\t<div class=\"elementor-widget-container\">\n\t\t\t\t\t\t\t\t\t<ul>\n<li>Marque de renomm\u00e9e mondiale<\/li>\n<li>Jusqu'\u00e0 16 degr\u00e9s de mouvement<\/li>\n<li>Mouvement rapide et r\u00e9aliste<\/li>\n<li>Son immersif 7.1 avec vibrations interactives des si\u00e8ges<\/li>\n<li>\u00c9cran LCD g\u00e9ant de 75\"<\/li>\n<li>Ent\u00eate de led matricielle \u00e9clatante<\/li>\n<li>Une incroyable s\u00e9lection de 5 super v\u00e9hicules: PORSCHE 911, CORVETTE GS, FORD GT, LAMBORGHINI AVENTATOR S, NISSAN GT-R.<\/li>\n<li>Tournois sur 5 parcours excitants<\/li>\n<li>M\u00e9canique de jeu comp\u00e9titive, mises en \u00e9chec \u00e9piques!<\/li>\n<li>Capacit\u00e9 de lier 4 cabinets<\/li>\n<\/ul>\t\t\t\t\t\t\t\t<\/div>\n\t\t\t\t<\/div>\n\t\t\t\t<div class=\"elementor-element elementor-element-c96a005 elementor-widget__width-initial elementor-widget-mobile__width-initial elementor-widget elementor-widget-spacer\" data-id=\"c96a005\" data-element_type=\"widget\" data-e-type=\"widget\" data-widget_type=\"spacer.default\">\n\t\t\t\t<div class=\"elementor-widget-container\">\n\t\t\t\t\t\t\t<div class=\"elementor-spacer\">\n\t\t\t<div class=\"elementor-spacer-inner\"><\/div>\n\t\t<\/div>\n\t\t\t\t\t\t<\/div>\n\t\t\t\t<\/div>\n\t\t\t\t<div class=\"elementor-element elementor-element-b441f89 elementor-align-left elementor-widget elementor-widget-button\" data-id=\"b441f89\" data-element_type=\"widget\" data-e-type=\"widget\" data-widget_type=\"button.default\">\n\t\t\t\t<div class=\"elementor-widget-container\">\n\t\t\t\t\t\t\t\t\t<div class=\"elementor-button-wrapper\">\n\t\t\t\t\t<a class=\"elementor-button elementor-button-link elementor-size-sm elementor-animation-grow\" href=\"https:\/\/adrenalinearcade.com\/wp-content\/uploads\/2023\/04\/Flyer_Deluxe.png\">\n\t\t\t\t\t\t<span class=\"elementor-button-content-wrapper\">\n\t\t\t\t\t\t<span class=\"elementor-button-icon\">\n\t\t\t\t<i aria-hidden=\"true\" class=\"fas fa-file\"><\/i>\t\t\t<\/span>\n\t\t\t\t\t\t\t\t\t<span class=\"elementor-button-text\">#SKU: NFSM-75-1001 SPECS<\/span>\n\t\t\t\t\t<\/span>\n\t\t\t\t\t<\/a>\n\t\t\t\t<\/div>\n\t\t\t\t\t\t\t\t<\/div>\n\t\t\t\t<\/div>\n\t\t\t\t<div class=\"elementor-element elementor-element-80466b6 elementor-widget__width-initial elementor-widget-mobile__width-initial elementor-widget elementor-widget-text-editor\" data-id=\"80466b6\" data-element_type=\"widget\" data-e-type=\"widget\" data-widget_type=\"text-editor.default\">\n\t\t\t\t<div class=\"elementor-widget-container\">\n\t\t\t\t\t\t\t\t\t<ul><li>Dim. du cabinet: 66\u2033L x 102\u2033L x 105\u2033H<\/li><li>Dim. d'exp\u00e9dition: 75\u2033L x 45\u2033P x 60\u2033H \u2013 Poids: 600 lbs<\/li><li>Dim. d'exp\u00e9dition:\u00a035\u2033L x 42\u2033P x 84\u2033H \u2013 Poids: 200 lbs<\/li><\/ul>\t\t\t\t\t\t\t\t<\/div>\n\t\t\t\t<\/div>\n\t\t\t\t\t<\/div>\n\t\t<\/article>\n\t\t\t\t\t<\/div>\n\t\t<\/section>\n\t\t\t\t<\/div>","protected":false},"excerpt":{"rendered":"<p>https:\/\/adrenalinearcade.com\/wp-content\/uploads\/2023\/11\/machineNFS_Motion.mp4#t=-4 Gameplay Immersive and realistic racing experience powered by a state of the art patented motion system. Internationally recognized brand Up to 16 degrees of movement Fast and realistic motion Immersive 7.1 audio with interactive seat vibration Easy maintenance Massive 75&#8243; LCD screen Dazzling interactive led matrix header Stunning selection of 5 licensed supercars: PORSCHE [&hellip;]<\/p>\n","protected":false},"author":1,"featured_media":0,"parent":0,"menu_order":0,"comment_status":"closed","ping_status":"closed","template":"elementor_header_footer","meta":{"footnotes":""},"class_list":["post-5093","page","type-page","status-publish","hentry"],"_links":{"self":[{"href":"https:\/\/adrenalinearcade.com\/fr\/wp-json\/wp\/v2\/pages\/5093","targetHints":{"allow":["GET"]}}],"collection":[{"href":"https:\/\/adrenalinearcade.com\/fr\/wp-json\/wp\/v2\/pages"}],"about":[{"href":"https:\/\/adrenalinearcade.com\/fr\/wp-json\/wp\/v2\/types\/page"}],"author":[{"embeddable":true,"href":"https:\/\/adrenalinearcade.com\/fr\/wp-json\/wp\/v2\/users\/1"}],"replies":[{"embeddable":true,"href":"https:\/\/adrenalinearcade.com\/fr\/wp-json\/wp\/v2\/comments?post=5093"}],"version-history":[{"count":303,"href":"https:\/\/adrenalinearcade.com\/fr\/wp-json\/wp\/v2\/pages\/5093\/revisions"}],"predecessor-version":[{"id":9777,"href":"https:\/\/adrenalinearcade.com\/fr\/wp-json\/wp\/v2\/pages\/5093\/revisions\/9777"}],"wp:attachment":[{"href":"https:\/\/adrenalinearcade.com\/fr\/wp-json\/wp\/v2\/media?parent=5093"}],"curies":[{"name":"wp","href":"https:\/\/api.w.org\/{rel}","templated":true}]}}