{"id":2076,"date":"2023-08-20T14:30:01","date_gmt":"2023-08-20T14:30:01","guid":{"rendered":"https:\/\/adrenalinearcade.com\/?page_id=2076"},"modified":"2024-11-16T11:10:06","modified_gmt":"2024-11-16T16:10:06","slug":"nfs-product-page","status":"publish","type":"page","link":"https:\/\/adrenalinearcade.com\/fr\/nfs-product-page\/","title":{"rendered":"NFS TAKEDOWN STANDARD"},"content":{"rendered":"<div data-elementor-type=\"wp-page\" data-elementor-id=\"2076\" class=\"elementor elementor-2076\" data-elementor-post-type=\"page\">\n\t\t\t\t\t\t<section class=\"elementor-section elementor-top-section elementor-element elementor-element-121a01c elementor-section-full_width elementor-section-height-default elementor-section-height-default\" data-id=\"121a01c\" data-element_type=\"section\" data-e-type=\"section\" data-settings=\"{&quot;background_background&quot;:&quot;classic&quot;}\">\n\t\t\t\t\t\t<div class=\"elementor-container elementor-column-gap-no\">\n\t\t\t\t\t<div class=\"elementor-column elementor-col-50 elementor-top-column elementor-element elementor-element-2a1b8b0\" data-id=\"2a1b8b0\" data-element_type=\"column\" data-e-type=\"column\">\n\t\t\t<div class=\"elementor-widget-wrap elementor-element-populated\">\n\t\t\t\t\t\t<div class=\"elementor-element elementor-element-c4bdf96 elementor-widget__width-initial elementor-widget elementor-widget-video\" data-id=\"c4bdf96\" data-element_type=\"widget\" data-e-type=\"widget\" data-settings=\"{&quot;video_type&quot;:&quot;hosted&quot;,&quot;autoplay&quot;:&quot;yes&quot;,&quot;play_on_mobile&quot;:&quot;yes&quot;,&quot;mute&quot;:&quot;yes&quot;,&quot;loop&quot;:&quot;yes&quot;}\" data-widget_type=\"video.default\">\n\t\t\t\t<div class=\"elementor-widget-container\">\n\t\t\t\t\t\t\t<div class=\"e-hosted-video elementor-wrapper elementor-open-inline\">\n\t\t\t\t\t<video class=\"elementor-video\" src=\"https:\/\/adrenalinearcade.com\/wp-content\/uploads\/2023\/10\/NFS_Standard_Solo.mp4\" autoplay=\"\" loop=\"\" muted=\"muted\" playsinline=\"\" controlslist=\"nodownload\"><\/video>\n\t\t\t\t<\/div>\n\t\t\t\t\t\t<\/div>\n\t\t\t\t<\/div>\n\t\t\t\t<div class=\"elementor-element elementor-element-d8cf6ee elementor-align-center elementor-widget elementor-widget-button\" data-id=\"d8cf6ee\" data-element_type=\"widget\" data-e-type=\"widget\" data-widget_type=\"button.default\">\n\t\t\t\t<div class=\"elementor-widget-container\">\n\t\t\t\t\t\t\t\t\t<div class=\"elementor-button-wrapper\">\n\t\t\t\t\t<a class=\"elementor-button elementor-button-link elementor-size-xs\" href=\"#elementor-action%3Aaction%3Dlightbox%26settings%3DeyJ0eXBlIjoidmlkZW8iLCJ2aWRlb1R5cGUiOiJob3N0ZWQiLCJ1cmwiOiJodHRwczpcL1wvYWRyZW5hbGluZWFyY2FkZS5jb21cL3dwLWNvbnRlbnRcL3VwbG9hZHNcLzIwMjRcLzA2XC9ORlMtSGVhdC1UYWtlZG93bi5tcDQifQ%3D%3D\">\n\t\t\t\t\t\t<span class=\"elementor-button-content-wrapper\">\n\t\t\t\t\t\t<span class=\"elementor-button-icon\">\n\t\t\t\t<i aria-hidden=\"true\" class=\"fas fa-film\"><\/i>\t\t\t<\/span>\n\t\t\t\t\t\t\t\t\t<span class=\"elementor-button-text\">Extrait<\/span>\n\t\t\t\t\t<\/span>\n\t\t\t\t\t<\/a>\n\t\t\t\t<\/div>\n\t\t\t\t\t\t\t\t<\/div>\n\t\t\t\t<\/div>\n\t\t\t\t\t<\/div>\n\t\t<\/div>\n\t\t\t\t<div class=\"elementor-column elementor-col-50 elementor-top-column elementor-element elementor-element-eaae72f\" data-id=\"eaae72f\" data-element_type=\"column\" data-e-type=\"column\" data-settings=\"{&quot;background_background&quot;:&quot;slideshow&quot;,&quot;background_slideshow_gallery&quot;:[],&quot;background_slideshow_loop&quot;:&quot;yes&quot;,&quot;background_slideshow_slide_duration&quot;:5000,&quot;background_slideshow_slide_transition&quot;:&quot;fade&quot;,&quot;background_slideshow_transition_duration&quot;:500}\">\n\t\t\t<div class=\"elementor-widget-wrap elementor-element-populated\">\n\t\t\t\t\t\t<div class=\"elementor-element elementor-element-daec515 elementor-widget__width-initial elementor-widget elementor-widget-image\" data-id=\"daec515\" data-element_type=\"widget\" data-e-type=\"widget\" data-widget_type=\"image.default\">\n\t\t\t\t<div class=\"elementor-widget-container\">\n\t\t\t\t\t\t\t\t\t\t\t\t\t\t\t<img fetchpriority=\"high\" decoding=\"async\" width=\"800\" height=\"177\" src=\"https:\/\/adrenalinearcade.com\/wp-content\/uploads\/2023\/10\/NFS_Sandard_Flyer-1024x226.png\" class=\"attachment-large size-large wp-image-8010\" alt=\"\" srcset=\"https:\/\/adrenalinearcade.com\/wp-content\/uploads\/2023\/10\/NFS_Sandard_Flyer-1024x226.png 1024w, https:\/\/adrenalinearcade.com\/wp-content\/uploads\/2023\/10\/NFS_Sandard_Flyer-300x66.png 300w, https:\/\/adrenalinearcade.com\/wp-content\/uploads\/2023\/10\/NFS_Sandard_Flyer-768x169.png 768w, https:\/\/adrenalinearcade.com\/wp-content\/uploads\/2023\/10\/NFS_Sandard_Flyer-1536x339.png 1536w, https:\/\/adrenalinearcade.com\/wp-content\/uploads\/2023\/10\/NFS_Sandard_Flyer-2048x451.png 2048w, https:\/\/adrenalinearcade.com\/wp-content\/uploads\/2023\/10\/NFS_Sandard_Flyer-18x4.png 18w\" sizes=\"(max-width: 800px) 100vw, 800px\" \/>\t\t\t\t\t\t\t\t\t\t\t\t\t\t\t<\/div>\n\t\t\t\t<\/div>\n\t\t\t\t<div class=\"elementor-element elementor-element-237257a elementor-widget-mobile__width-initial elementor-widget elementor-widget-heading\" data-id=\"237257a\" data-element_type=\"widget\" data-e-type=\"widget\" data-widget_type=\"heading.default\">\n\t\t\t\t<div class=\"elementor-widget-container\">\n\t\t\t\t\t<h2 class=\"elementor-heading-title elementor-size-large\">Une exprience de course r\u00e9aliste et immersive.<\/h2>\t\t\t\t<\/div>\n\t\t\t\t<\/div>\n\t\t\t\t<div class=\"elementor-element elementor-element-5babce5 elementor-widget-mobile__width-initial elementor-widget elementor-widget-text-editor\" data-id=\"5babce5\" data-element_type=\"widget\" data-e-type=\"widget\" data-widget_type=\"text-editor.default\">\n\t\t\t\t<div class=\"elementor-widget-container\">\n\t\t\t\t\t\t\t\t\t<ul>\n<li>Arcade cabinet.<\/li>\n<li>Marque de renomm\u00e9e mondiale<\/li>\n<li>M\u00e9canique de jeu comp\u00e9titive, mises en \u00e9chec \u00e9piques!<\/li>\n<li>S\u00e9lection de 5 marques de bolides officiels<\/li>\n<li>Son immersif 5.1 avec vibration interactives des si\u00e8ges<\/li>\n<li>Tournois sur 5 parcours excitants<\/li>\n<li>Afficheur \u00e0 DEL \u00e9blouissant<\/li>\n<li>Capacit\u00e9 de lier 4 cabinets<\/li>\n<\/ul>\t\t\t\t\t\t\t\t<\/div>\n\t\t\t\t<\/div>\n\t\t\t\t<div class=\"elementor-element elementor-element-27cd24b elementor-align-left elementor-mobile-align-left elementor-widget elementor-widget-button\" data-id=\"27cd24b\" data-element_type=\"widget\" data-e-type=\"widget\" data-widget_type=\"button.default\">\n\t\t\t\t<div class=\"elementor-widget-container\">\n\t\t\t\t\t\t\t\t\t<div class=\"elementor-button-wrapper\">\n\t\t\t\t\t<a class=\"elementor-button elementor-button-link elementor-size-sm elementor-animation-grow\" href=\"https:\/\/adrenalinearcade.com\/wp-content\/uploads\/2023\/04\/Flyer_Standard.png\">\n\t\t\t\t\t\t<span class=\"elementor-button-content-wrapper\">\n\t\t\t\t\t\t<span class=\"elementor-button-icon\">\n\t\t\t\t<i aria-hidden=\"true\" class=\"fas fa-file\"><\/i>\t\t\t<\/span>\n\t\t\t\t\t\t\t\t\t<span class=\"elementor-button-text\">#SKU: NFS-43-1001 SPECS<\/span>\n\t\t\t\t\t<\/span>\n\t\t\t\t\t<\/a>\n\t\t\t\t<\/div>\n\t\t\t\t\t\t\t\t<\/div>\n\t\t\t\t<\/div>\n\t\t\t\t<div class=\"elementor-element elementor-element-158bb58 elementor-widget-mobile__width-inherit elementor-widget__width-initial elementor-widget elementor-widget-text-editor\" data-id=\"158bb58\" data-element_type=\"widget\" data-e-type=\"widget\" data-widget_type=\"text-editor.default\">\n\t\t\t\t<div class=\"elementor-widget-container\">\n\t\t\t\t\t\t\t\t\t<ul><li>Product Dims:\u00a065&#8243;W x 101&#8243;D x 105&#8243;H<\/li><li>Dim. d'exp\u00e9dition:  45\u2019\u2019L X 58\u2019\u2019P X 83\u2019\u2019H<\/li><li>Poids: 650 lbs<\/li><\/ul>\t\t\t\t\t\t\t\t<\/div>\n\t\t\t\t<\/div>\n\t\t\t\t\t<\/div>\n\t\t<\/div>\n\t\t\t\t\t<\/div>\n\t\t<\/section>\n\t\t\t\t<section class=\"elementor-section elementor-top-section elementor-element elementor-element-aee47b7 elementor-section-boxed elementor-section-height-default elementor-section-height-default\" data-id=\"aee47b7\" data-element_type=\"section\" data-e-type=\"section\">\n\t\t\t\t\t\t<div class=\"elementor-container elementor-column-gap-default\">\n\t\t\t\t\t<div class=\"elementor-column elementor-col-100 elementor-top-column elementor-element elementor-element-4baf9fc\" data-id=\"4baf9fc\" data-element_type=\"column\" data-e-type=\"column\">\n\t\t\t<div class=\"elementor-widget-wrap\">\n\t\t\t\t\t\t\t<\/div>\n\t\t<\/div>\n\t\t\t\t\t<\/div>\n\t\t<\/section>\n\t\t\t\t<\/div>","protected":false},"excerpt":{"rendered":"<p>https:\/\/adrenalinearcade.com\/wp-content\/uploads\/2023\/10\/NFS_Standard_Solo.mp4 Gameplay An immersive and realistic racing experience Arcade cabinet. Internationally recognized brand Competitive gameplay with epic takedowns Stunning selection of 5 licenced supercars Immersive 5.1 audio with interactive seat vibration Tournement of 5 exciting tracks Dazzling LED matrix header Link up to 4 cabinets #SKU: NFS-43-1001 SPECS Product Dims:\u00a065&#8243;W x 101&#8243;D x 105&#8243;H Shipping [&hellip;]<\/p>\n","protected":false},"author":1,"featured_media":0,"parent":0,"menu_order":0,"comment_status":"closed","ping_status":"closed","template":"elementor_header_footer","meta":{"footnotes":""},"class_list":["post-2076","page","type-page","status-publish","hentry"],"_links":{"self":[{"href":"https:\/\/adrenalinearcade.com\/fr\/wp-json\/wp\/v2\/pages\/2076","targetHints":{"allow":["GET"]}}],"collection":[{"href":"https:\/\/adrenalinearcade.com\/fr\/wp-json\/wp\/v2\/pages"}],"about":[{"href":"https:\/\/adrenalinearcade.com\/fr\/wp-json\/wp\/v2\/types\/page"}],"author":[{"embeddable":true,"href":"https:\/\/adrenalinearcade.com\/fr\/wp-json\/wp\/v2\/users\/1"}],"replies":[{"embeddable":true,"href":"https:\/\/adrenalinearcade.com\/fr\/wp-json\/wp\/v2\/comments?post=2076"}],"version-history":[{"count":452,"href":"https:\/\/adrenalinearcade.com\/fr\/wp-json\/wp\/v2\/pages\/2076\/revisions"}],"predecessor-version":[{"id":9753,"href":"https:\/\/adrenalinearcade.com\/fr\/wp-json\/wp\/v2\/pages\/2076\/revisions\/9753"}],"wp:attachment":[{"href":"https:\/\/adrenalinearcade.com\/fr\/wp-json\/wp\/v2\/media?parent=2076"}],"curies":[{"name":"wp","href":"https:\/\/api.w.org\/{rel}","templated":true}]}}